{"id":714142,"date":"2017-06-26T14:50:33","date_gmt":"2017-06-26T14:50:33","guid":{"rendered":"https:\/\/mementoweb.com\/contact\/"},"modified":"2025-10-07T11:32:49","modified_gmt":"2025-10-07T11:32:49","slug":"contact","status":"publish","type":"page","link":"https:\/\/mementoweb.com\/fr\/contact\/","title":{"rendered":"Contact"},"content":{"rendered":"<div class=\"wpb-content-wrapper\"><p>[vc_row][vc_column width=\u00a0\u00bb1\/2&Prime;][vc_gmaps link=\u00a0\u00bb#E-8_JTNDaWZyYW1lJTIwc3JjJTNEJTIyaHR0cHMlM0ElMkYlMkZ3d3cuZ29vZ2xlLmNvbSUyRm1hcHMlMkZlbWJlZCUzRnBiJTNEJTIxMW0xOCUyMTFtMTIlMjExbTMlMjExZDEzOTQuMzQ5MzA1NjIyNTg2JTIxMmQxMC4yMjc0NzM3OTIxNTI0NTklMjEzZDQ1LjY1Njg3MzkyODQ4NTIyJTIxMm0zJTIxMWYwJTIxMmYwJTIxM2YwJTIxM20yJTIxMWkxMDI0JTIxMmk3NjglMjE0ZjEzLjElMjEzbTMlMjExbTIlMjExczB4NDc4MTc5ZGI5MDNiYzJmYiUyNTNBMHhjN2JjNDJhYmQyOGQ4NzY3JTIxMnNaYW5pJTI1MjBTZXJhZmlubyUyNTIwcy5yLmwuJTI1MjAlMjVFMiUyNTgwJTI1QTIlMjUyMERpcmV6aW9uZSUyNTIwZSUyNTIwUHJvZHV6aW9uZSUyMTVlMCUyMTNtMiUyMTFzaXQlMjEyc2l0JTIxNHYxNjQ0NTM0NzAwMTEwJTIxNW0yJTIxMXNpdCUyMTJzaXQlMjIlMjB3aWR0aCUzRCUyMjgwMCUyMiUyMGhlaWdodCUzRCUyMjYwMCUyMiUyMHN0eWxlJTNEJTIyYm9yZGVyJTNBMCUzQiUyMiUyMGFsbG93ZnVsbHNjcmVlbiUzRCUyMiUyMiUyMGxvYWRpbmclM0QlMjJsYXp5JTIyJTNFJTNDJTJGaWZyYW1lJTNF\u00a0\u00bb size=\u00a0\u00bb400&Prime;][\/vc_column][vc_column width=\u00a0\u00bb1\/2&Prime;][vc_gmaps link=\u00a0\u00bb#E-8_JTNDaWZyYW1lJTIwc3JjJTNEJTIyaHR0cHMlM0ElMkYlMkZ3d3cuZ29vZ2xlLmNvbSUyRm1hcHMlMkZlbWJlZCUzRnBiJTNEJTIxMW0xOCUyMTFtMTIlMjExbTMlMjExZDI3OTEuNjIxMjU1MzU2OTc4JTIxMmQxMC4yMTY0NDYxNTA4NDY0NCUyMTNkNDUuNTk4MTU4MDMyNDEzNzg1JTIxMm0zJTIxMWYwJTIxMmYwJTIxM2YwJTIxM20yJTIxMWkxMDI0JTIxMmk3NjglMjE0ZjEzLjElMjEzbTMlMjExbTIlMjExczB4NDc4MTc3ZDYyNDY2YzI0ZCUyNTNBMHhlNjczNDkzNjY0ZTQwNjRlJTIxMnNaYW5pJTI1MjBTZXJhZmlubyUyNTIwcy5yLmwuJTI1MjAlMjVFMiUyNTgwJTI1QTIlMjUyMFVmZmljaSUyNTIwZSUyNTIwTWFnYXp6aW5vJTIxNWUwJTIxM20yJTIxMXNpdCUyMTJzaXQlMjE0djE2NDQ1MzQ3MjY0MDElMjE1bTIlMjExc2l0JTIxMnNpdCUyMiUyMHdpZHRoJTNEJTIyODAwJTIyJTIwaGVpZ2h0JTNEJTIyNjAwJTIyJTIwc3R5bGUlM0QlMjJib3JkZXIlM0EwJTNCJTIyJTIwYWxsb3dmdWxsc2NyZWVuJTNEJTIyJTIyJTIwbG9hZGluZyUzRCUyMmxhenklMjIlM0UlM0MlMkZpZnJhbWUlM0U=\u00a0\u00bb size=\u00a0\u00bb400&Prime;][\/vc_column][\/vc_row][vc_row][vc_column][vc_empty_space woodmart_hide_large=\u00a0\u00bb0&Prime; woodmart_hide_medium=\u00a0\u00bb0&Prime; woodmart_hide_small=\u00a0\u00bb0&Prime; woodmart_hide_extra_small=\u00a0\u00bb0&Prime;][\/vc_column][\/vc_row][vc_row][vc_column width=\u00a0\u00bb1\/2&Prime;][vc_column_text text_larger=\u00a0\u00bbno\u00a0\u00bb]<\/p>\n<h4>ZANI SERAFINO Srl<\/h4>\n<p>T. +39 030 871861<br \/>\nF. +39 030 8970620<br \/>\ne-mail : memento@mementoweb.com<\/p>\n<p><strong>Direction :<\/strong><br \/>\nVia Zanagnolo, 17\/b<br \/>\n25065 Lumezzane &#8211; Brescia<br \/>\nITALIE<\/p>\n<p><strong>Bureaux et entrep\u00f4ts :<\/strong><br \/>\nVia Campagnola, 10<br \/>\n25062 Concesio &#8211; Brescia<br \/>\nITALIE[\/vc_column_text][\/vc_column][vc_column width=\u00a0\u00bb1\/2&Prime;]\n<div class=\"wpcf7 no-js\" id=\"wpcf7-f715868-o1\" lang=\"fr-FR\" dir=\"ltr\" data-wpcf7-id=\"715868\">\n<div class=\"screen-reader-response\"><p role=\"status\" aria-live=\"polite\" aria-atomic=\"true\"><\/p> <ul><\/ul><\/div>\n<form action=\"\/fr\/wp-json\/wp\/v2\/pages\/714142#wpcf7-f715868-o1\" method=\"post\" class=\"wpcf7-form init\" aria-label=\"Formulaire de contact\" novalidate=\"novalidate\" data-status=\"init\">\n<fieldset class=\"hidden-fields-container\"><input type=\"hidden\" name=\"_wpcf7\" value=\"715868\" \/><input type=\"hidden\" name=\"_wpcf7_version\" value=\"6.1.1\" \/><input type=\"hidden\" name=\"_wpcf7_locale\" value=\"fr_FR\" \/><input type=\"hidden\" name=\"_wpcf7_unit_tag\" value=\"wpcf7-f715868-o1\" \/><input type=\"hidden\" name=\"_wpcf7_container_post\" value=\"0\" \/><input type=\"hidden\" name=\"_wpcf7_posted_data_hash\" value=\"\" \/>\n<\/fieldset>\n<div class=\"row\">\n\t<div class=\"col-md-6\" style=\"margin-bottom:20px;\">\n\t\t<p><label>Nom et pr\u00e9nom<\/label><span class=\"wpcf7-form-control-wrap\" data-name=\"your-name\"><input size=\"40\" maxlength=\"400\" class=\"wpcf7-form-control wpcf7-text wpcf7-validates-as-required\" aria-required=\"true\" aria-invalid=\"false\" value=\"\" type=\"text\" name=\"your-name\" \/><\/span>\n\t\t<\/p>\n\t<\/div>\n\t<div class=\"col-md-6\" style=\"margin-bottom:20px;\">\n\t\t<p><label>Adresse \u00e9lectronique<\/label><span class=\"wpcf7-form-control-wrap\" data-name=\"your-email\"><input size=\"40\" maxlength=\"400\" class=\"wpcf7-form-control wpcf7-email wpcf7-validates-as-required wpcf7-text wpcf7-validates-as-email\" aria-required=\"true\" aria-invalid=\"false\" value=\"\" type=\"email\" name=\"your-email\" \/><\/span>\n\t\t<\/p>\n\t<\/div>\n<\/div>\n<div class=\"row\">\n\t<div class=\"col-md-6\" style=\"margin-bottom:20px;\">\n\t\t<p><label>T\u00e9l\u00e9phone<\/label><span class=\"wpcf7-form-control-wrap\" data-name=\"tel-767\"><input size=\"40\" maxlength=\"400\" class=\"wpcf7-form-control wpcf7-tel wpcf7-text wpcf7-validates-as-tel\" aria-invalid=\"false\" value=\"\" type=\"tel\" name=\"tel-767\" \/><\/span>\n\t\t<\/p>\n\t<\/div>\n\t<div class=\"col-md-6\" style=\"margin-bottom:20px;\">\n\t\t<p><label>Entreprise<\/label><span class=\"wpcf7-form-control-wrap\" data-name=\"text-1\"><input size=\"40\" maxlength=\"400\" class=\"wpcf7-form-control wpcf7-text\" aria-invalid=\"false\" value=\"\" type=\"text\" name=\"text-1\" \/><\/span>\n\t\t<\/p>\n\t<\/div>\n<\/div>\n<div class=\"row\">\n\t<div class=\"col-md-12\" style=\"margin-bottom:20px;\">\n\t\t<p><label>Message<\/label><span class=\"wpcf7-form-control-wrap\" data-name=\"your-message\"><textarea cols=\"40\" rows=\"10\" maxlength=\"2000\" class=\"wpcf7-form-control wpcf7-textarea\" aria-invalid=\"false\" name=\"your-message\"><\/textarea><\/span>\n\t\t<\/p>\n\t<\/div>\n<\/div>\n<div class=\"row\">\n\t<div class=\"col-md-12\" style=\"margin-bottom:20px;\">\n\t\t<p><label>Politique de confidentialit\u00e9*<\/label><span class=\"wpcf7-form-control-wrap\" data-name=\"privacy\"><span class=\"wpcf7-form-control wpcf7-acceptance\"><span class=\"wpcf7-list-item\"><label><input type=\"checkbox\" name=\"privacy\" value=\"1\" aria-invalid=\"false\" \/><span class=\"wpcf7-list-item-label\">Je d\u00e9clare avoir pris connaissance des informations relatives au traitement des donn\u00e9es \u00e0 caract\u00e8re personnel<\/span><\/label><\/span><\/span><\/span><br \/>\n<span><a href=\"\/privacy-policy\/\">(Lisez notre politique de confidentialit\u00e9ici<\/a> )<\/span>\n\t\t<\/p>\n\t<\/div>\n<\/div>\n<p><input class=\"wpcf7-form-control wpcf7-submit has-spinner btn-color-black\" type=\"submit\" value=\"ENVOYER LA DEMANDE\" \/>\n<\/p><div class=\"wpcf7-response-output\" aria-hidden=\"true\"><\/div>\n<\/form>\n<\/div>\n[\/vc_column][\/vc_row]<\/p>\n<\/div>","protected":false},"excerpt":{"rendered":"<p>[vc_row][vc_column width=\u00a0\u00bb1\/2&Prime;][vc_gmaps link=\u00a0\u00bb#E-8_JTNDaWZyYW1lJTIwc3JjJTNEJTIyaHR0cHMlM0ElMkYlMkZ3d3cuZ29vZ2xlLmNvbSUyRm1hcHMlMkZlbWJlZCUzRnBiJTNEJTIxMW0xOCUyMTFtMTIlMjExbTMlMjExZDEzOTQuMzQ5MzA1NjIyNTg2JTIxMmQxMC4yMjc0NzM3OTIxNTI0NTklMjEzZDQ1LjY1Njg3MzkyODQ4NTIyJTIxMm0zJTIxMWYwJTIxMmYwJTIxM2YwJTIxM20yJTIxMWkxMDI0JTIxMmk3NjglMjE0ZjEzLjElMjEzbTMlMjExbTIlMjExczB4NDc4MTc5ZGI5MDNiYzJmYiUyNTNBMHhjN2JjNDJhYmQyOGQ4NzY3JTIxMnNaYW5pJTI1MjBTZXJhZmlubyUyNTIwcy5yLmwuJTI1MjAlMjVFMiUyNTgwJTI1QTIlMjUyMERpcmV6aW9uZSUyNTIwZSUyNTIwUHJvZHV6aW9uZSUyMTVlMCUyMTNtMiUyMTFzaXQlMjEyc2l0JTIxNHYxNjQ0NTM0NzAwMTEwJTIxNW0yJTIxMXNpdCUyMTJzaXQlMjIlMjB3aWR0aCUzRCUyMjgwMCUyMiUyMGhlaWdodCUzRCUyMjYwMCUyMiUyMHN0eWxlJTNEJTIyYm9yZGVyJTNBMCUzQiUyMiUyMGFsbG93ZnVsbHNjcmVlbiUzRCUyMiUyMiUyMGxvYWRpbmclM0QlMjJsYXp5JTIyJTNFJTNDJTJGaWZyYW1lJTNF\u00a0\u00bb size=\u00a0\u00bb400&Prime;][\/vc_column][vc_column width=\u00a0\u00bb1\/2&Prime;][vc_gmaps link=\u00a0\u00bb#E-8_JTNDaWZyYW1lJTIwc3JjJTNEJTIyaHR0cHMlM0ElMkYlMkZ3d3cuZ29vZ2xlLmNvbSUyRm1hcHMlMkZlbWJlZCUzRnBiJTNEJTIxMW0xOCUyMTFtMTIlMjExbTMlMjExZDI3OTEuNjIxMjU1MzU2OTc4JTIxMmQxMC4yMTY0NDYxNTA4NDY0NCUyMTNkNDUuNTk4MTU4MDMyNDEzNzg1JTIxMm0zJTIxMWYwJTIxMmYwJTIxM2YwJTIxM20yJTIxMWkxMDI0JTIxMmk3NjglMjE0ZjEzLjElMjEzbTMlMjExbTIlMjExczB4NDc4MTc3ZDYyNDY2YzI0ZCUyNTNBMHhlNjczNDkzNjY0ZTQwNjRlJTIxMnNaYW5pJTI1MjBTZXJhZmlubyUyNTIwcy5yLmwuJTI1MjAlMjVFMiUyNTgwJTI1QTIlMjUyMFVmZmljaSUyNTIwZSUyNTIwTWFnYXp6aW5vJTIxNWUwJTIxM20yJTIxMXNpdCUyMTJzaXQlMjE0djE2NDQ1MzQ3MjY0MDElMjE1bTIlMjExc2l0JTIxMnNpdCUyMiUyMHdpZHRoJTNEJTIyODAwJTIyJTIwaGVpZ2h0JTNEJTIyNjAwJTIyJTIwc3R5bGUlM0QlMjJib3JkZXIlM0EwJTNCJTIyJTIwYWxsb3dmdWxsc2NyZWVuJTNEJTIyJTIyJTIwbG9hZGluZyUzRCUyMmxhenklMjIlM0UlM0MlMkZpZnJhbWUlM0U=\u00a0\u00bb size=\u00a0\u00bb400&Prime;][\/vc_column][\/vc_row][vc_row][vc_column][vc_empty_space woodmart_hide_large=\u00a0\u00bb0&Prime; woodmart_hide_medium=\u00a0\u00bb0&Prime; woodmart_hide_small=\u00a0\u00bb0&Prime; woodmart_hide_extra_small=\u00a0\u00bb0&Prime;][\/vc_column][\/vc_row][vc_row][vc_column width=\u00a0\u00bb1\/2&Prime;][vc_column_text text_larger=\u00a0\u00bbno\u00a0\u00bb] ZANI SERAFINO Srl T. +39 030 871861<\/p>\n","protected":false},"author":1,"featured_media":0,"parent":0,"menu_order":0,"comment_status":"closed","ping_status":"closed","template":"","meta":{"footnotes":""},"class_list":["post-714142","page","type-page","status-publish","hentry"],"_links":{"self":[{"href":"https:\/\/mementoweb.com\/fr\/wp-json\/wp\/v2\/pages\/714142","targetHints":{"allow":["GET"]}}],"collection":[{"href":"https:\/\/mementoweb.com\/fr\/wp-json\/wp\/v2\/pages"}],"about":[{"href":"https:\/\/mementoweb.com\/fr\/wp-json\/wp\/v2\/types\/page"}],"author":[{"embeddable":true,"href":"https:\/\/mementoweb.com\/fr\/wp-json\/wp\/v2\/users\/1"}],"replies":[{"embeddable":true,"href":"https:\/\/mementoweb.com\/fr\/wp-json\/wp\/v2\/comments?post=714142"}],"version-history":[{"count":1,"href":"https:\/\/mementoweb.com\/fr\/wp-json\/wp\/v2\/pages\/714142\/revisions"}],"predecessor-version":[{"id":714147,"href":"https:\/\/mementoweb.com\/fr\/wp-json\/wp\/v2\/pages\/714142\/revisions\/714147"}],"wp:attachment":[{"href":"https:\/\/mementoweb.com\/fr\/wp-json\/wp\/v2\/media?parent=714142"}],"curies":[{"name":"wp","href":"https:\/\/api.w.org\/{rel}","templated":true}]}}