{"id":714163,"date":"2019-04-27T16:14:14","date_gmt":"2019-04-27T16:14:14","guid":{"rendered":"https:\/\/mementoweb.com\/histoire-de-la-marque\/"},"modified":"2025-10-07T11:33:00","modified_gmt":"2025-10-07T11:33:00","slug":"histoire-de-la-marque","status":"publish","type":"page","link":"https:\/\/mementoweb.com\/fr\/histoire-de-la-marque\/","title":{"rendered":"Histoire de la marque"},"content":{"rendered":"<div class=\"wpb-content-wrapper\"><p>[vc_row full_width=\u00a0\u00bbstretch_row_content_no_spaces\u00a0\u00bb content_placement=\u00a0\u00bbtop\u00a0\u00bb mobile_bg_img_hidden=\u00a0\u00bbno\u00a0\u00bb tablet_bg_img_hidden=\u00a0\u00bbno\u00a0\u00bb woodmart_parallax=\u00a0\u00bb0&Prime; woodmart_gradient_switch=\u00a0\u00bbno\u00a0\u00bb row_reverse_mobile=\u00a0\u00bb0&Prime; row_reverse_tablet=\u00a0\u00bb0&Prime; woodmart_disable_overflow=\u00a0\u00bb0&Prime;][vc_column][vc_single_image image=\u00a0\u00bb2809&Prime; img_size=\u00a0\u00bbfull\u00a0\u00bb alignment=\u00a0\u00bbcenter\u00a0\u00bb parallax_scroll=\u00a0\u00bbno\u00a0\u00bb][\/vc_column][\/vc_row][vc_row][vc_column][vc_column_text css=\u00a0\u00bb\u00a0\u00bb text_larger=\u00a0\u00bbno\u00a0\u00bb woodmart_inline=\u00a0\u00bbno\u00a0\u00bb]<\/p>\n<h1>HISTOIRE DE LA MARQUE<\/h1>\n<h4><span style=\"color: #e11f26;\">1998 : MEMENTO CR\u00c9E UN NOUVEAU CONCEPT DE VERRERIE<\/span><\/h4>\n<p>En 1998, Memento, qui a toujours cherch\u00e9 \u00e0 d\u00e9passer les fronti\u00e8res, a introduit le concept de \u00ab\u00a0mode de table\u00a0\u00bb dans la verrerie.<\/p>\n<h4><span style=\"color: #e11f26;\">2008 : LE M\u00c9MENTO DEVIENT INCONTOURNABLE<\/span><\/h4>\n<p>Dix ans apr\u00e8s sa cr\u00e9ation, la verrerie de couleur est un must imm\u00e9diatement reconnaissable dans le monde des produits de table. Memento a cr\u00e9\u00e9 un nouveau segment de march\u00e9 avec d&rsquo;innombrables imitateurs et aujourd&rsquo;hui, l&rsquo;achat de verre color\u00e9 est devenu \u00ab\u00a0normal\u00a0\u00bb.<\/p>\n<h4><span style=\"color: #e11f26;\">2014 : RED\u00c9FINITION<\/span><\/h4>\n<p>Avec ME <a href=\"https:\/\/mementoweb.com\/en\/meinaglass\/\" target=\"_blank\" rel=\"noopener\">IN A GLASS<\/a>, Memento fait pour la premi\u00e8re fois de la verrerie une affaire personnelle, en changeant radicalement sa conception et son r\u00f4le, pour en faire un v\u00e9ritable moyen d&rsquo;expression et d&rsquo;identification personnelle.<br \/>\nLe produit devient un syst\u00e8me qui encode les personnalit\u00e9s individuelles sous forme visuelle.<\/p>\n<h4><span style=\"color: #e11f26;\">2016 : RELAUNCH<\/span><\/h4>\n<p><a href=\"http:\/\/www.zaniserafino.it\">ZANI SERAFINO S.r.l.<\/a> acquiert la pleine propri\u00e9t\u00e9 de Memento, en lan\u00e7ant un plan d&rsquo;investissement pour \u00e9largir la gamme de couleurs d\u00e9j\u00e0 remarquable, visant \u00e0 d\u00e9velopper et \u00e0 soutenir la croissance des marques Memento \u00e0 moyen et \u00e0 long terme.<\/p>\n<h4><span style=\"color: #e11f26;\">2018 : MEMENTO SYNTH<\/span><\/h4>\n<p>Memento Synth est n\u00e9, les bulles embl\u00e9matiques du verre Memento sont raviv\u00e9es dans une nouvelle version en m\u00e9thacrylate.<br \/>\nAlors que tout le monde copie le verre Memento Original, Memento se red\u00e9couvre dans un mat\u00e9riau synth\u00e9tique, parfait pour un usage professionnel en ext\u00e9rieur, en bateau, en camping&#8230; sans sacrifier le style et la brillance des couleurs !<\/p>\n<h4><span style=\"color: #e11f26;\">2021 : SOUVENIR ORIGINAL, PICHET &amp; CO.<\/span><\/h4>\n<p>La croissance de Memento Originale, une marque d&rsquo;amour populaire dans toute l&rsquo;Europe, se poursuit. Naissance de Pitcher, la premi\u00e8re cruche \u00e0 anse.<br \/>\nLa gamme de produits, de formes (13) et de couleurs (35) est en constante \u00e9volution.<\/p>\n<h4><span style=\"color: #e11f26;\">2024 : TABLE MEMENTO<\/span><\/h4>\n<p>La gamme s&rsquo;\u00e9largit, les verres sont rejoints par la collection c\u00e9ramique Memento Table. Plats et saladiers fabriqu\u00e9s en Italie et peints \u00e0 la main pour garantir l&rsquo;unicit\u00e9 et le choix personnel des couleurs et du style qui repr\u00e9sentent la valeur de la marque Memento.<\/p>\n<h4><span style=\"color: #e11f26;\">2025 : VIN MEMENTO<\/span><\/h4>\n<p>Memento fait son entr\u00e9e dans le monde du vin avec une premi\u00e8re collection de verres \u00e0 pied en cristal fabriqu\u00e9s \u00e0 la main et \u00e0 l&rsquo;\u00e2me color\u00e9e.<\/p>\n<p>[\/vc_column_text][vc_separator][\/vc_column][\/vc_row]<\/p>\n<\/div>","protected":false},"excerpt":{"rendered":"<p>[vc_row full_width=\u00a0\u00bbstretch_row_content_no_spaces\u00a0\u00bb content_placement=\u00a0\u00bbtop\u00a0\u00bb mobile_bg_img_hidden=\u00a0\u00bbno\u00a0\u00bb tablet_bg_img_hidden=\u00a0\u00bbno\u00a0\u00bb woodmart_parallax=\u00a0\u00bb0&Prime; woodmart_gradient_switch=\u00a0\u00bbno\u00a0\u00bb row_reverse_mobile=\u00a0\u00bb0&Prime; row_reverse_tablet=\u00a0\u00bb0&Prime; woodmart_disable_overflow=\u00a0\u00bb0&Prime;][vc_column][vc_single_image image=\u00a0\u00bb2809&Prime; img_size=\u00a0\u00bbfull\u00a0\u00bb alignment=\u00a0\u00bbcenter\u00a0\u00bb parallax_scroll=\u00a0\u00bbno\u00a0\u00bb][\/vc_column][\/vc_row][vc_row][vc_column][vc_column_text css=\u00a0\u00bb\u00a0\u00bb text_larger=\u00a0\u00bbno\u00a0\u00bb woodmart_inline=\u00a0\u00bbno\u00a0\u00bb] HISTOIRE DE LA<\/p>\n","protected":false},"author":1,"featured_media":0,"parent":0,"menu_order":0,"comment_status":"closed","ping_status":"closed","template":"","meta":{"footnotes":""},"class_list":["post-714163","page","type-page","status-publish","hentry"],"_links":{"self":[{"href":"https:\/\/mementoweb.com\/fr\/wp-json\/wp\/v2\/pages\/714163","targetHints":{"allow":["GET"]}}],"collection":[{"href":"https:\/\/mementoweb.com\/fr\/wp-json\/wp\/v2\/pages"}],"about":[{"href":"https:\/\/mementoweb.com\/fr\/wp-json\/wp\/v2\/types\/page"}],"author":[{"embeddable":true,"href":"https:\/\/mementoweb.com\/fr\/wp-json\/wp\/v2\/users\/1"}],"replies":[{"embeddable":true,"href":"https:\/\/mementoweb.com\/fr\/wp-json\/wp\/v2\/comments?post=714163"}],"version-history":[{"count":4,"href":"https:\/\/mementoweb.com\/fr\/wp-json\/wp\/v2\/pages\/714163\/revisions"}],"predecessor-version":[{"id":714169,"href":"https:\/\/mementoweb.com\/fr\/wp-json\/wp\/v2\/pages\/714163\/revisions\/714169"}],"wp:attachment":[{"href":"https:\/\/mementoweb.com\/fr\/wp-json\/wp\/v2\/media?parent=714163"}],"curies":[{"name":"wp","href":"https:\/\/api.w.org\/{rel}","templated":true}]}}