{"id":713930,"date":"2024-04-04T13:29:47","date_gmt":"2024-04-04T13:29:47","guid":{"rendered":"https:\/\/mementoweb.com\/prodotto\/flute-traversiere-deep-blue-memento-synth\/"},"modified":"2024-04-04T13:29:47","modified_gmt":"2024-04-04T13:29:47","slug":"flute-traversiere-deep-blue-memento-synth","status":"publish","type":"product","link":"https:\/\/mementoweb.com\/fr\/prodotto\/flute-traversiere-deep-blue-memento-synth\/","title":{"rendered":"Fl\u00fbte traversi\u00e8re &#8211; Deep Blue &#8211; Memento Synth"},"content":{"rendered":"<p>Beau, lavable au lave-vaisselle et r\u00e9sistant aux chocs, avec MEMENTO SYNTH, Memento se r\u00e9interpr\u00e8te dans une nouvelle version synth\u00e9tique du verre original de bally.  <\/p>\n<p>MEMENTO est la marque qui a radicalement chang\u00e9 la conception et le r\u00f4le de la verrerie, qui \u00e9volue vers un v\u00e9ritable moyen d&rsquo;expression et d&rsquo;identification personnelle. Les produits MEMENTO ORIGINALE sont le r\u00e9sultat d&rsquo;un processus de travail et de soufflage artisanal, garantissant un certain nombre de caract\u00e9ristiques uniques, telles que les bulles : de petites bulles d&rsquo;air sph\u00e9riques pi\u00e9g\u00e9es \u00e0 l&rsquo;int\u00e9rieur du verre lui-m\u00eame.  Des bulles qui sont la marque de fabrique de MEMENTO l&rsquo;original. Des bulles qui sont propos\u00e9es dans une version totalement innovante par MEMENTO SYNTH, la nouvelle collection qui refl\u00e8te pleinement les caract\u00e9ristiques du verre Memento, en termes de gamme de formes et de vari\u00e9t\u00e9 de couleurs, mais r\u00e9interpr\u00e9t\u00e9es dans un nouveau mat\u00e9riau synth\u00e9tique. Si tout le monde copie Memento, Memento surprend tout le monde en offrant une copie antichoc de l&rsquo;original !<\/p>\n<p>INCROYABLE<br \/>\nLes verres Memento Synth sont tr\u00e8s r\u00e9sistants aux chocs, ce qui en fait le choix id\u00e9al pour l&rsquo;ext\u00e9rieur, la navigation de plaisance ou les enfants.<\/p>\n<p>Des bulles inoubliables<br \/>\nMemento se distingue par ses bulles.<\/p>\n<p>RECYCLABLE<br \/>\nLes produits Memento Original sont fabriqu\u00e9s en m\u00e9thacrylate, un mat\u00e9riau enti\u00e8rement recyclable, ce qui favorise la collecte s\u00e9lective des d\u00e9chets et le respect de l&rsquo;environnement.<\/p>\n<p>Lavage au lave-vaisselle<br \/>\nLes produits Memento passent au lave-vaisselle.<\/p>\n<p>POUR \u00caTRE VOUS-M\u00caME, VOUS DEVEZ \u00caTRE MOI<\/p>\n","protected":false},"excerpt":{"rendered":"<p>Verre \u00e0 fl\u00fbte en m\u00e9thacrylate pour champagne \/ vin mousseux bally Memento Synth<\/p>\n","protected":false},"featured_media":699457,"template":"","meta":[],"product_brand":[],"product_cat":[2281,2349],"product_tag":[2354,2351,2350,2353,2355,2352],"class_list":{"0":"post-713930","1":"product","2":"type-product","3":"status-publish","4":"has-post-thumbnail","6":"product_cat-memento-synth","7":"product_cat-ms3fl-flute","8":"product_tag-bulles","9":"product_tag-champagne","10":"product_tag-flute","11":"product_tag-franciacorta","12":"product_tag-prosecco","13":"product_tag-vin-mousseux","14":"pa_altezza-cm-2342","15":"pa_altezza-scatola-cm-2289","16":"pa_attenzione-pas-de-micro-ondes-pas-de-four","17":"pa_brand-memento-synth","18":"pa_capacita-litri-2343","19":"pa_colore-bleu-fonce","20":"pa_decoro-bally","21":"pa_diametro-cm-2345","22":"pa_larghezza-scatola-cm-2292","23":"pa_linea-memento-synth","24":"pa_made-in-extra-ue","25":"pa_materiale-ms-methacrylate","26":"pa_peso-del-prodotto-kg-2346","27":"pa_profondita-scatola-cm-2294","28":"pa_provenienza-italie","29":"pa_tipologia-flute","30":"pa_utilizzo-champagnespumantefranciacortabullesprosecco","31":"pa_va-in-lavastoviglie-oui","32":"pa_va-nel-microonde-non","34":"first","35":"instock","36":"purchasable","37":"product-type-simple"},"_links":{"self":[{"href":"https:\/\/mementoweb.com\/fr\/wp-json\/wp\/v2\/product\/713930","targetHints":{"allow":["GET"]}}],"collection":[{"href":"https:\/\/mementoweb.com\/fr\/wp-json\/wp\/v2\/product"}],"about":[{"href":"https:\/\/mementoweb.com\/fr\/wp-json\/wp\/v2\/types\/product"}],"wp:featuredmedia":[{"embeddable":true,"href":"https:\/\/mementoweb.com\/fr\/wp-json\/wp\/v2\/media\/699457"}],"wp:attachment":[{"href":"https:\/\/mementoweb.com\/fr\/wp-json\/wp\/v2\/media?parent=713930"}],"wp:term":[{"taxonomy":"product_brand","embeddable":true,"href":"https:\/\/mementoweb.com\/fr\/wp-json\/wp\/v2\/product_brand?post=713930"},{"taxonomy":"product_cat","embeddable":true,"href":"https:\/\/mementoweb.com\/fr\/wp-json\/wp\/v2\/product_cat?post=713930"},{"taxonomy":"product_tag","embeddable":true,"href":"https:\/\/mementoweb.com\/fr\/wp-json\/wp\/v2\/product_tag?post=713930"}],"curies":[{"name":"wp","href":"https:\/\/api.w.org\/{rel}","templated":true}]}}