{"id":714525,"date":"2024-04-09T12:37:41","date_gmt":"2024-04-09T12:37:41","guid":{"rendered":"https:\/\/mementoweb.com\/prodotto\/001307-grand-bol-rouge-original-memento\/"},"modified":"2024-04-09T12:37:41","modified_gmt":"2024-04-09T12:37:41","slug":"001307-grand-bol-rouge-original-memento","status":"publish","type":"product","link":"https:\/\/mementoweb.com\/fr\/prodotto\/001307-grand-bol-rouge-original-memento\/","title":{"rendered":"001307 &#8211; Grand bol &#8211; Rouge &#8211; Original Memento"},"content":{"rendered":"<p>La marque MEMENTO a de nombreuses significations. Elle identifie une entreprise qui effectue des recherches approfondies sur les couleurs afin d&rsquo;offrir des couleurs et des m\u00e9langes uniques. Elle garantit le caract\u00e8re artisanal des produits : c&rsquo;est pourquoi ils ne sont jamais identiques. Elle indique un processus de production minutieux jusque dans les moindres d\u00e9tails : la coloration dans la p\u00e2te de verre, la bulle d&rsquo;air \u00e0 l&rsquo;int\u00e9rieur du verre qui doit rester petite et sph\u00e9rique, et bien d&rsquo;autres d\u00e9tails qui font de Memento une collection de produits inimitables.    Memento est la garantie d&rsquo;un produit original aux caract\u00e9ristiques uniques :<\/p>\n<p>FABRIQU\u00c9 \u00c0 LA MAIN<br \/>\nLes produits Memento sont fabriqu\u00e9s \u00e0 la main et souffl\u00e9s \u00e0 la main.  <\/p>\n<p>COLOR\u00c9 EN P\u00c2TE DE VERRE<br \/>\nChaque sp\u00e9cimen est color\u00e9 \u00e0 l&rsquo;origine en p\u00e2te de verre, ce qui garantit le maintien de l&rsquo;intensit\u00e9 de la couleur d&rsquo;origine.<\/p>\n<p>BULLES INCONFONDIBLES<br \/>\nLe Memento se distingue par ses bulles, produites par un tour sp\u00e9cial et pr\u00e9sentes en grande quantit\u00e9 \u00e0 l&rsquo;int\u00e9rieur du verre.<\/p>\n<p>RECYCLABLE<br \/>\nLes produits Memento Originale sont fabriqu\u00e9s en verre recyclable, ce qui favorise la collecte s\u00e9lective des d\u00e9chets et le respect de l&rsquo;environnement.<\/p>\n<p>Lavage au lave-vaisselle<br \/>\nLes produits Memento passent au lave-vaisselle.  <\/p>\n<p>Les produits Memento Originale sont le r\u00e9sultat d&rsquo;un processus de travail et de soufflage artisanal, garantissant une s\u00e9rie de caract\u00e9ristiques uniques, \u00e0 commencer par la physique du verre lui-m\u00eame et ses bulles caract\u00e9ristiques. Le caract\u00e8re artisanal des produits Memento fait que chaque verre peut varier en termes de tonalit\u00e9 et d&rsquo;intensit\u00e9 de la couleur, de forme de la base, de forme de la paraison, de forme de la tige, de densit\u00e9 des bulles, d&rsquo;\u00e9paisseur de la base, d&rsquo;\u00e9paisseur du corps, de hauteur, de largeur et de r\u00e9gularit\u00e9 des surfaces internes et externes.  Des imperfections qui font de Memento un produit unique, chaque objet ne sera jamais identique \u00e0 un autre.<\/p>\n<p>Memento est la marque qui a radicalement chang\u00e9 la conception et le r\u00f4le de la verrerie, en devenant un v\u00e9ritable moyen d&rsquo;expression et d&rsquo;identification personnelle, avec une palette de couleurs exclusive et inimitable. C&rsquo;est Memento qui a lanc\u00e9 l&rsquo;id\u00e9e d&rsquo;une table en verre multicolore il y a 15 ans, un concept r\u00e9volutionnaire \u00e0 l&rsquo;\u00e9poque et aujourd&rsquo;hui entr\u00e9 dans les m\u0153urs.  Un concept qui fait encore de Memento un synonyme et un symbole d&rsquo;un regard innovant sur le monde du \u00ab\u00a0home design\u00a0\u00bb \u00e0 travers la recherche et la pens\u00e9e cr\u00e9ative. Les produits Memento sont le r\u00e9sultat d&rsquo;un processus artisanal de travail et de soufflage, garantissant une s\u00e9rie de caract\u00e9ristiques uniques, \u00e0 commencer par la physicalit\u00e9 du verre lui-m\u00eame et ses bulles caract\u00e9ristiques. Un exemple est la coloration sp\u00e9ciale de la p\u00e2te de verre r\u00e9alis\u00e9e \u00e0 l&rsquo;origine, qui garantit un lavage s\u00fbr au lave-vaisselle et la pr\u00e9servation de l&rsquo;intensit\u00e9 de la couleur d&rsquo;origine. La recherche constante dans le domaine de la coloration du verre a permis de cr\u00e9er une palette exclusive, inimitable et hautement personnalis\u00e9e.     <\/p>\n<p>POUR \u00caTRE VOUS-M\u00caME, VOUS DEVEZ \u00caTRE MOI<\/p>\n","protected":false},"excerpt":{"rendered":"<p>Saladier Bally<\/p>\n","protected":false},"featured_media":714527,"template":"","meta":[],"product_brand":[],"product_cat":[2539,2026],"product_tag":[2543,2541,2545,2542,2544,2540,2207],"class_list":{"0":"post-714525","1":"product","2":"type-product","3":"status-publish","4":"has-post-thumbnail","6":"product_cat-mm13bb-grand-bol","7":"product_cat-non-categorise","8":"product_tag-bol","9":"product_tag-centre-de-table","10":"product_tag-fruits","11":"product_tag-porte-fruits","12":"product_tag-salade","13":"product_tag-saladier","14":"product_tag-servir-a-table","15":"pa_altezza-cm-2529","16":"pa_altezza-scatola-cm-2530","17":"pa_brand-memento-original","18":"pa_capacita-litri-2531","19":"pa_codice-ean-2578","20":"pa_colore-rouge","21":"pa_decoro-bally","22":"pa_diametro-cm-2533","23":"pa_larghezza-scatola-cm-2534","24":"pa_linea-monochrome","25":"pa_made-in-extra-ue","26":"pa_materiale-pate-de-verre","27":"pa_peso-del-prodotto-kg-2535","28":"pa_profondita-scatola-cm-2536","29":"pa_provenienza-italie","30":"pa_tipologia-saladier","31":"pa_utilizzo-servir-a-table-salade-fruits","32":"pa_va-in-lavastoviglie-oui","33":"pa_va-nel-microonde-non","35":"first","36":"instock","37":"purchasable","38":"product-type-simple"},"_links":{"self":[{"href":"https:\/\/mementoweb.com\/fr\/wp-json\/wp\/v2\/product\/714525","targetHints":{"allow":["GET"]}}],"collection":[{"href":"https:\/\/mementoweb.com\/fr\/wp-json\/wp\/v2\/product"}],"about":[{"href":"https:\/\/mementoweb.com\/fr\/wp-json\/wp\/v2\/types\/product"}],"wp:featuredmedia":[{"embeddable":true,"href":"https:\/\/mementoweb.com\/fr\/wp-json\/wp\/v2\/media\/714527"}],"wp:attachment":[{"href":"https:\/\/mementoweb.com\/fr\/wp-json\/wp\/v2\/media?parent=714525"}],"wp:term":[{"taxonomy":"product_brand","embeddable":true,"href":"https:\/\/mementoweb.com\/fr\/wp-json\/wp\/v2\/product_brand?post=714525"},{"taxonomy":"product_cat","embeddable":true,"href":"https:\/\/mementoweb.com\/fr\/wp-json\/wp\/v2\/product_cat?post=714525"},{"taxonomy":"product_tag","embeddable":true,"href":"https:\/\/mementoweb.com\/fr\/wp-json\/wp\/v2\/product_tag?post=714525"}],"curies":[{"name":"wp","href":"https:\/\/api.w.org\/{rel}","templated":true}]}}